{"id":1516,"date":"2014-10-22T12:43:04","date_gmt":"2014-10-22T12:43:04","guid":{"rendered":"https:\/\/hanikaj.com\/index.php\/contact-us-with-side-map\/"},"modified":"2025-10-29T10:27:13","modified_gmt":"2025-10-29T10:27:13","slug":"kontakt","status":"publish","type":"page","link":"https:\/\/hanikaj.com\/index.php\/kontakt\/","title":{"rendered":"Kontakt"},"content":{"rendered":"<section class=\"wpb-content-wrapper\"><p>[vc_row section_type=&#8221;fullwidth-element&#8221; footer_feature=&#8221;yes&#8221; margin_bottom=&#8221;0&#8243;][vc_column width=&#8221;1\/2&#8243;]<div class=\"grve-element grve-carousel-wrapper\"  style=\" \"><div class=\"grve-slider grve-carousel-element \" data-slider-speed=\"3500\" data-slider-pause=\"no\" data-navigation-type=\"0\" data-slider-autoplay=\"yes\" data-slider-autoheight=\"no\"><div class=\"grve-slider-item\">\t<figure class=\"grve-image-hover grve-zoom-none\">\t\t<div class=\"grve-media grve-light-overlay grve-opacity-0\"><img decoding=\"async\" width=\"255\" height=\"300\" src=\"https:\/\/hanikaj.com\/wp-content\/uploads\/2025\/10\/halo-cen1-255x300.jpg\" class=\"attachment-medium size-medium\" alt=\"\" srcset=\"https:\/\/hanikaj.com\/wp-content\/uploads\/2025\/10\/halo-cen1-255x300.jpg 255w, https:\/\/hanikaj.com\/wp-content\/uploads\/2025\/10\/halo-cen1.jpg 680w\" sizes=\"(max-width: 255px) 100vw, 255px\" \/>\t\t<\/div><figcaption><\/figcaption>\t<\/figure><\/div><div class=\"grve-slider-item\">\t<figure class=\"grve-image-hover grve-zoom-none\">\t\t<div class=\"grve-media grve-light-overlay grve-opacity-0\"><img decoding=\"async\" width=\"252\" height=\"300\" src=\"https:\/\/hanikaj.com\/wp-content\/uploads\/2025\/10\/halo-h-cen-252x300.jpg\" class=\"attachment-medium size-medium\" alt=\"\" srcset=\"https:\/\/hanikaj.com\/wp-content\/uploads\/2025\/10\/halo-h-cen-252x300.jpg 252w, https:\/\/hanikaj.com\/wp-content\/uploads\/2025\/10\/halo-h-cen.jpg 672w\" sizes=\"(max-width: 252px) 100vw, 252px\" \/>\t\t<\/div><figcaption><\/figcaption>\t<\/figure><\/div>\t<\/div><\/div>[\/vc_column][vc_column width=&#8221;1\/2&#8243; css=&#8221;.vc_custom_1416064707116{padding-top: 90px !important;padding-right: 8% !important;padding-left: 8% !important;}&#8221;]\n<div class=\"wpcf7 no-js\" id=\"wpcf7-f2907-o1\" lang=\"en-US\" dir=\"ltr\" data-wpcf7-id=\"2907\">\n<div class=\"screen-reader-response\"><p role=\"status\" aria-live=\"polite\" aria-atomic=\"true\"><\/p> <ul><\/ul><\/div>\n<form action=\"\/index.php\/wp-json\/wp\/v2\/pages\/1516#wpcf7-f2907-o1\" method=\"post\" class=\"wpcf7-form init\" aria-label=\"Contact form\" novalidate=\"novalidate\" data-status=\"init\">\n<fieldset class=\"hidden-fields-container\"><input type=\"hidden\" name=\"_wpcf7\" value=\"2907\" \/><input type=\"hidden\" name=\"_wpcf7_version\" value=\"6.1.5\" \/><input type=\"hidden\" name=\"_wpcf7_locale\" value=\"en_US\" \/><input type=\"hidden\" name=\"_wpcf7_unit_tag\" value=\"wpcf7-f2907-o1\" \/><input type=\"hidden\" name=\"_wpcf7_container_post\" value=\"0\" \/><input type=\"hidden\" name=\"_wpcf7_posted_data_hash\" value=\"\" \/><input type=\"hidden\" name=\"_wpcf7_recaptcha_response\" value=\"\" \/>\n<\/fieldset>\n<p>Imi\u0119 (wymagane) <span class=\"wpcf7-form-control-wrap\" data-name=\"your-name\"><input size=\"40\" maxlength=\"400\" class=\"wpcf7-form-control wpcf7-text wpcf7-validates-as-required\" aria-required=\"true\" aria-invalid=\"false\" value=\"\" type=\"text\" name=\"your-name\" \/><\/span>\n<\/p>\n<p>Adres Email (wymagane) <span class=\"wpcf7-form-control-wrap\" data-name=\"your-email\"><input size=\"40\" maxlength=\"400\" class=\"wpcf7-form-control wpcf7-email wpcf7-validates-as-required wpcf7-text wpcf7-validates-as-email\" aria-required=\"true\" aria-invalid=\"false\" value=\"\" type=\"email\" name=\"your-email\" \/><\/span>\n<\/p>\n<p>Tre\u015b\u0107 wiadomo\u015bci <span class=\"wpcf7-form-control-wrap\" data-name=\"your-message\"><textarea cols=\"40\" rows=\"10\" maxlength=\"2000\" class=\"wpcf7-form-control wpcf7-textarea\" aria-invalid=\"false\" name=\"your-message\"><\/textarea><\/span>\n<\/p>\n<p><span class=\"wpcf7-form-control-wrap\" data-name=\"acceptance-777\"><span class=\"wpcf7-form-control wpcf7-acceptance\"><span class=\"wpcf7-list-item\"><label><input type=\"checkbox\" name=\"acceptance-777\" value=\"1\" aria-invalid=\"false\" \/><span class=\"wpcf7-list-item-label\">Zapozna\u0142em si\u0119 z <a href=\"https:\/\/hanikaj.com\/index.php\/polityka-prywatnosci\/\" target=\"_blank\">Polityk\u0105 Prywatno\u015bci strony<\/a><\/span><\/label><\/span><\/span><\/span>\n<\/p>\n<p><input class=\"wpcf7-form-control wpcf7-submit has-spinner\" type=\"submit\" value=\"Wy\u015blij wiadomo\u015b\u0107\" \/>\n<\/p><div class=\"wpcf7-response-output\" aria-hidden=\"true\"><\/div>\n<\/form>\n<\/div>\n[\/vc_column][\/vc_row]<\/p>\n<\/section>","protected":false},"excerpt":{"rendered":"<p>[vc_row section_type=&#8221;fullwidth-element&#8221; footer_feature=&#8221;yes&#8221; margin_bottom=&#8221;0&#8243;][vc_column width=&#8221;1\/2&#8243;][\/vc_column][vc_column width=&#8221;1\/2&#8243; css=&#8221;.vc_custom_1416064707116{padding-top: 90px !important;padding-right: 8% !important;padding-left: 8% !important;}&#8221;][\/vc_column][\/vc_row]<\/p>\n","protected":false},"author":1,"featured_media":0,"parent":0,"menu_order":0,"comment_status":"open","ping_status":"closed","template":"","meta":{"_acf_changed":false,"_monsterinsights_skip_tracking":false,"_monsterinsights_sitenote_active":false,"_monsterinsights_sitenote_note":"","_monsterinsights_sitenote_category":0,"footnotes":""},"class_list":["post-1516","page","type-page","status-publish","hentry"],"aioseo_notices":[],"acf":[],"_links":{"self":[{"href":"https:\/\/hanikaj.com\/index.php\/wp-json\/wp\/v2\/pages\/1516","targetHints":{"allow":["GET"]}}],"collection":[{"href":"https:\/\/hanikaj.com\/index.php\/wp-json\/wp\/v2\/pages"}],"about":[{"href":"https:\/\/hanikaj.com\/index.php\/wp-json\/wp\/v2\/types\/page"}],"author":[{"embeddable":true,"href":"https:\/\/hanikaj.com\/index.php\/wp-json\/wp\/v2\/users\/1"}],"replies":[{"embeddable":true,"href":"https:\/\/hanikaj.com\/index.php\/wp-json\/wp\/v2\/comments?post=1516"}],"version-history":[{"count":14,"href":"https:\/\/hanikaj.com\/index.php\/wp-json\/wp\/v2\/pages\/1516\/revisions"}],"predecessor-version":[{"id":4959,"href":"https:\/\/hanikaj.com\/index.php\/wp-json\/wp\/v2\/pages\/1516\/revisions\/4959"}],"wp:attachment":[{"href":"https:\/\/hanikaj.com\/index.php\/wp-json\/wp\/v2\/media?parent=1516"}],"curies":[{"name":"wp","href":"https:\/\/api.w.org\/{rel}","templated":true}]}}