{"id":3,"date":"2022-05-23T08:27:56","date_gmt":"2022-05-23T08:27:56","guid":{"rendered":"https:\/\/hanikaj.com\/?page_id=3"},"modified":"2023-04-03T01:39:40","modified_gmt":"2023-04-03T01:39:40","slug":"polityka-prywatnosci","status":"publish","type":"page","link":"https:\/\/hanikaj.com\/index.php\/polityka-prywatnosci\/","title":{"rendered":"Polityka prywatno\u015bci"},"content":{"rendered":"<section class=\"wpb-content-wrapper\"><p>[vc_row][vc_column][vc_column_text]Adres naszej strony to: https:\/\/hanikaj.com. W\u0142a\u015bcicielem strony i aministratorem Twoich danych osobowych jest <em>Hani &amp; Kaj<\/em>.<\/p>\r\n<p>\u00a0<\/p>\r\n\r\n<h2 class=\"wp-block-heading\">Nasza strona u\u017cywa cookies<\/h2>\r\n\r\n<p>Korzystasz ze strony zgodnie z ustawieniami Twojej przegl\u0105darki lub urz\u0105dzenia do przegl\u0105dania stron internetowych \u2013 tre\u015bci dost\u0119pnej w internecie. Je\u015bli Twoje ustawienia zezwalaj\u0105 na zapisywanie cookies, takowe s\u0105 zapisywane.<\/p>\r\n<p>\u00a0<\/p>\r\n\r\n<h2 class=\"wp-block-heading\">Co to s\u0105 pliki cookies?<\/h2>\r\n\r\n<p>Pliki cookies (\u201cciasteczka\u201d) stanowi\u0105 dane informatyczne, s\u0105 to pliki tekstowe, kt\u00f3re przechowywane s\u0105 w urz\u0105dzeniu ko\u0144cowym U\u017cytkownika Serwisu, inaczej m\u00f3wi\u0105c w Twoim urz\u0105dzeniu \u2013 komputerze, telefonie, czy te\u017c innym urz\u0105dzeniu z przegl\u0105dark\u0105 stron internetowych lub innym podobnym oprogramowaniem.<\/p>\r\n\r\n<p>Cookies pozwalaj\u0105 na identyfikacj\u0119 komputera, z kt\u00f3rego u\u017cytkownik wszed\u0142 na stron\u0119. U\u017cywamy plik\u00f3w cookie, kt\u00f3re s\u0105 niezb\u0119dne, aby umo\u017cliwi\u0107 Ci poruszanie si\u0119 po serwisie, albo w celu zapewnienia pewnych podstawowych funkcji. U\u017cywamy cookies, aby zwi\u0119kszy\u0107 funkcjonalno\u015b\u0107 witryny poprzez przechowywanie np. preferencji. Daje to nam mo\u017cliwo\u015b\u0107 poprawy wydajno\u015bci i funkcjonalno\u015bci naszej strony internetowej, aby zapewni\u0107 lepsze dzia\u0142anie strony.<\/p>\r\n<p>\u00a0<\/p>\r\n\r\n<h2 class=\"wp-block-heading\">S\u0105 dwa rodzaje cookies<\/h2>\r\n\r\n<p>Cookies zwi\u0105zane z tzw. sesj\u0105 \u2013 to cookies utrzymywane tylko podczas gdy przegl\u0105darka jest uruchomiona. W momencie jej zamkni\u0119cia takie \u201ecookies\u201d s\u0105 kasowane. Cookies sesyjne wykorzystywane s\u0105 do prostych spraw technicznych, takich jak logowanie, lepsza nawigacja.<\/p>\r\n\r\n<p>Cookies trwa\u0142e \u2013 tego rodzaju ciasteczka zachowywane s\u0105 na twardym dysku u\u017cytkownika (przegl\u0105darka je zapisuje).<\/p>\r\n<p>\u00a0<\/p>\r\n\r\n<h2 class=\"wp-block-heading\">Wyszczeg\u00f3lnione dzia\u0142ania cookies z naszej strony:<\/h2>\r\n\r\n<p>Ulepszona nawigacja na stronie, dzi\u0119ki cookies w niekt\u00f3rych przypadkach mo\u017cemy sprawdzi\u0107 preferencje u\u017cytkownika, co sprawia, \u017ce skrypty mog\u0105 podsun\u0105\u0107 u\u017cytkownikowi jego preferencje. Zwi\u0119kszamy dzi\u0119ki temu wydajno\u015b\u0107 strony internetowej.<\/p>\r\n\r\n<p>Dzi\u0119ki cookies mo\u017cemy sprawdzi\u0107, czy jeste\u015b nowym czy te\u017c powracaj\u0105cym u\u017cytkownikiem, a co za tym idzie, mo\u017cemy dostosowa\u0107 stron\u0119 tak, by nie pokazywa\u0107 Ci tych samych informacji kilkukrotnie, jak i te\u017c pokaza\u0107 Ci specjaln\u0105 informacj\u0119 tylko dla powracaj\u0105cych u\u017cytkownik\u00f3w.<\/p>\r\n\r\n<p>Cookies pozwala nam stosowa\u0107 statystyki i analizy, dzi\u0119ki kt\u00f3rym dowiadujemy si\u0119 o preferencjach i pochodzeniu u\u017cytkownik\u00f3w. Co te\u017c pozwala nam na prawid\u0142owy rozw\u00f3j naszego portalu w dobrym kierunku, gdy\u017c dzi\u0119ki temu wiemy, co jest w naszym serwisie najbardziej popularne.<\/p>\r\n\r\n<p>Je\u015bli na stronie jest mo\u017cliwo\u015b\u0107 logowania (dost\u0119p tylko dla subskrybent\u00f3w, u\u017cytkownik\u00f3w zalogowanych), wykorzystuje ona cookies. Pliki cookies mog\u0105 s\u0142u\u017cy\u0107 do zapewnienia bezpiecze\u0144stwa, wykorzystywane s\u0105 do wykrywania nadu\u017cy\u0107 obr\u0119bie serwisu. Je\u015bli na stronie jest mo\u017cliwo\u015b\u0107 g\u0142osowania\/oceniania, mo\u017ce wykorzystywa\u0107 ona cookies. Je\u015bli na stronie istnieje mo\u017cliwo\u015b\u0107 wykorzystywania \u015bledzenia polece\u0144 \u2013 program partnerski, wykorzystuje ona cookies. Dzi\u0119ki tej funkcji mamy mo\u017cliwo\u015b\u0107 \u015bledzenia polece\u0144 \u2013 mamy mo\u017cliwo\u015b\u0107 sprawdzenia kto poleci\u0142 nasz\u0105 stron\u0119 innemu u\u017cytkownikowi dzi\u0119ki czemu zwi\u0119kszamy funkcjonalno\u015b\u0107 naszego serwisu.<\/p>\r\n\r\n<p>Elementy Flash (Adobe Flash Player) \u2013 na podstronach mog\u0105 znajdowa\u0107 si\u0119 elementy flash. Mog\u0105 one tak\u017ce korzysta\u0107 z technologii cookies zapisuj\u0105c r\u00f3\u017cne ustawienia. Na stronie dostawcy oprogramowania \u2013 znajdziesz szczeg\u00f3\u0142y dotycz\u0105ce bezpiecze\u0144stwa:\u00a0<a href=\"http:\/\/www.adobe.com\/security\/flashplayer\/\" target=\"_blank\" rel=\"noreferrer noopener\">http:\/\/www.adobe.com\/security\/flashplayer\/<\/a>.<\/p>\r\n<p>\u00a0<\/p>\r\n\r\n<h2 class=\"wp-block-heading\">Cookies ze stron powi\u0105zanych<\/h2>\r\n\r\n<p>Na podstronach mog\u0105 wyst\u0105pi\u0107 takie elementy, kt\u00f3re korzystaj\u0105 z cookies, jak linki (hiper\u0142\u0105cza) do innych stron internetowych. Ka\u017cda z tych stron posiada swoj\u0105 polityk\u0119 cookies. Je\u015bli z nich skorzystasz (klikniesz w link), powiniene\u015b zapozna\u0107 si\u0119 z polityk\u0105 prywatno\u015bci strony, na kt\u00f3rej si\u0119 znalaz\u0142e\u015b. Narz\u0119dzia Google, takie jak statystyki Google Analytics, reklamy Google, mapka Google, filmy z serwisu YouTube i inne, r\u00f3wnie\u017c wykorzystuj\u0105 cookies. Szczeg\u00f3\u0142owy opis polityki plik\u00f3w cookie us\u0142ug zwi\u0105zanych z Google znajdziesz tutaj: <a href=\"http:\/\/www.google.com\/policies\/privacy\/\" target=\"_blank\" rel=\"noreferrer noopener\">http:\/\/www.google.com\/policies\/privacy\/<\/a>.<\/p>\r\n\r\n<p>Nasza strona mo\u017ce posiada\u0107 tak\u017ce inne \u201cosadzone\u201d przyciski oraz materia\u0142y reklamowe, a przede wszystkim u\u017cywa aplikacji (wtyczek) spo\u0142eczno\u015bciowych, kt\u00f3re umo\u017cliwiaj\u0105 u\u017cytkownikom witryny logowanie si\u0119 i umieszczanie komentarzy wykorzystuj\u0105c dane z ich profil\u00f3w spo\u0142eczno\u015bciowych, polubienie, podlinkowanie i podejmowanie innych akcji za po\u015brednictwem serwis\u00f3w spo\u0142eczno\u015bciowych i powi\u0105zanych. Nie kontrolujemy tych serwis\u00f3w, ka\u017cdy z nich posiada swoje ustawienia cookies, ka\u017cdy z tych serwis\u00f3w ma swoj\u0105 polityk\u0119 prywatno\u015bci. Ustawiaj\u0105c odpowiednio swoj\u0105 przegl\u0105dark\u0119, mo\u017cesz decydowa\u0107, czy chcesz tym firmom da\u0107 t\u0119 mo\u017cliwo\u015b\u0107.<\/p>\r\n\r\n<p>Dane wykorzystywane przez wtyczki spo\u0142eczno\u015bciowe to: imi\u0119, nazwisko, nickname, adres e-mail, adres IP, odno\u015bnik do strony profilu i avatara, informacja o u\u017cywanej przegl\u0105darce internetowej i j\u0119zyku (a w przypadku niekt\u00f3rych narz\u0119dzi informacja o systemie i ustawieniach w urz\u0105dzeniu). Dane te u\u017cywane s\u0105 do stworzenia profilu na naszej stronie. Dla szczeg\u00f3\u0142owej informacji nt. tego, jak serwisy spo\u0142eczno\u015bciowe przetwarzaj\u0105 dane, prosimy o przejrzenie poszczeg\u00f3lnych stron polityki prywatno\u015bci:<\/p>\r\n\r\n<p><a href=\"https:\/\/www.facebook.com\/about\/privacy\/update\" target=\"_blank\" rel=\"noreferrer noopener\">https:\/\/www.facebook.com\/about\/privacy\/update<\/a><br \/><a href=\"https:\/\/policies.google.com\/privacy\" target=\"_blank\" rel=\"noreferrer noopener\">https:\/\/policies.google.com\/privacy<\/a><br \/><a href=\"https:\/\/policy.pinterest.com\/pl\/privacy-policy\" target=\"_blank\" rel=\"noreferrer noopener\">https:\/\/policy.pinterest.com\/pl\/privacy-policy<\/a><br \/><a href=\"https:\/\/twitter.com\/en\/privacy\" target=\"_blank\" rel=\"noreferrer noopener\">https:\/\/twitter.com\/en\/privacy<\/a><br \/><a href=\"https:\/\/www.linkedin.com\/legal\/privacy-policy\" target=\"_blank\" rel=\"noreferrer noopener\">https:\/\/www.linkedin.com\/legal\/privacy-policy<\/a><\/p>\r\n\r\n<p>Na naszej stronie stosujemy r\u00f3wnie\u017c wewn\u0119trzny system komentarzy, kt\u00f3ry przechowuje Twoje dane na naszym serwerze. Pliki cookies powi\u0105zane z komentarzami zapami\u0119tuj\u0105 wprowadzane do formularzy dane, aby w razie dodawania kolejnego komentarza nie trzeba by\u0142o tych samych p\u00f3l wype\u0142nia\u0107 ponownie.<\/p>\r\n<p>\u00a0<\/p>\r\n\r\n<h2 class=\"wp-block-heading\">Jak wy\u0142\u0105czy\u0107 cookies?<\/h2>\r\n\r\n<p>Przegl\u0105daj\u0105c t\u0119 stron\u0119 korzystasz z urz\u0105dzenia lub przegl\u0105darki (oprogramowania na komputerze), kt\u00f3re takowe zapisywanie cookies umo\u017cliwia. W wielu przypadkach opcja zapisywania cookies jest domy\u015blnie w\u0142\u0105czona \u2013 domy\u015blnie dopuszcza zapisywanie cookies. Informacje dotycz\u0105ce ustawie\u0144 cookies i podobnych technologii (blokowanie, usuwanie) mo\u017cna znale\u017a\u0107 w materia\u0142ach pomocy przegl\u0105darki, urz\u0105dzenia z kt\u00f3rego w tej chwili korzystasz lub na stronie\u00a0<a href=\"http:\/\/www.cookies.edu.pl\/\" target=\"_blank\" rel=\"noreferrer noopener\">Jak dzia\u0142a cookies? \u2013 cookies.edu.pl<\/a>. Korzystanie z tych rozwi\u0105za\u0144 mo\u017ce wp\u0142ywa\u0107 na mo\u017cliwo\u015b\u0107 korzystania z naszej witryny, naszych aplikacji oraz witryn i aplikacji powi\u0105zanych. Niestety wbrew najszczerszym ch\u0119ciom nie jeste\u015bmy w stanie zapewni\u0107 sprawnego funkcjonowania strony dla urz\u0105dze\u0144 z wy\u0142\u0105czon\u0105 obs\u0142ug\u0105 cookies.<\/p>\r\n<p>\u00a0<\/p>\r\n\r\n<h2 class=\"wp-block-heading\">Czy opr\u00f3cz plik\u00f3w cookies przetwarzamy jeszcze jakie\u015b dane?<\/h2>\r\n\r\n<p>Tak. S\u0105 to dane, kt\u00f3re wprowadzasz do formularzy, takich jak formularz kontaktowy (dane te s\u0105 niezb\u0119dne do tego, aby\u015bmy mogli odpowiedzie\u0107 na przes\u0142an\u0105 wiadomo\u015b\u0107), formularz komentarza (umieszczony pod ka\u017cdym wpisem), formularz rejestracji u\u017cytkownika (formularz za\u0142o\u017cenia konta w naszym systemie, umo\u017cliwiaj\u0105cego m.in. komentowanie i \u015bledzenie dyskusji) oraz formularz zapisu do naszego newslettera. W ka\u017cdej chwili mo\u017cesz usun\u0105\u0107 swoje konto u\u017cytkownika wraz z przechowywanymi w nim danymi lub skontaktowa\u0107 si\u0119 z nami w celu wprowadzenia zmian lub usuni\u0119cia takich danych, jak np. zamieszczone komentarze lub przes\u0142ane wiadomo\u015bci.[\/vc_column_text][\/vc_column][\/vc_row]<\/p><\/section>","protected":false},"excerpt":{"rendered":"<p>[vc_row][vc_column][vc_column_text]Adres naszej strony to: https:\/\/hanikaj.com. W\u0142a\u015bcicielem strony i aministratorem Twoich danych osobowych jest Hani &amp; Kaj. \u00a0 Nasza strona u\u017cywa cookies Korzystasz ze strony zgodnie z ustawieniami Twojej przegl\u0105darki lub urz\u0105dzenia do przegl\u0105dania stron internetowych \u2013 tre\u015bci dost\u0119pnej w internecie. Je\u015bli Twoje ustawienia zezwalaj\u0105 na zapisywanie cookies, takowe s\u0105 zapisywane. \u00a0 Co to s\u0105 pliki [&hellip;]<\/p>\n","protected":false},"author":1,"featured_media":0,"parent":0,"menu_order":0,"comment_status":"closed","ping_status":"closed","template":"","meta":{"_acf_changed":false,"_monsterinsights_skip_tracking":false,"_monsterinsights_sitenote_active":false,"_monsterinsights_sitenote_note":"","_monsterinsights_sitenote_category":0,"footnotes":""},"class_list":["post-3","page","type-page","status-publish","hentry"],"aioseo_notices":[],"acf":[],"_links":{"self":[{"href":"https:\/\/hanikaj.com\/index.php\/wp-json\/wp\/v2\/pages\/3","targetHints":{"allow":["GET"]}}],"collection":[{"href":"https:\/\/hanikaj.com\/index.php\/wp-json\/wp\/v2\/pages"}],"about":[{"href":"https:\/\/hanikaj.com\/index.php\/wp-json\/wp\/v2\/types\/page"}],"author":[{"embeddable":true,"href":"https:\/\/hanikaj.com\/index.php\/wp-json\/wp\/v2\/users\/1"}],"replies":[{"embeddable":true,"href":"https:\/\/hanikaj.com\/index.php\/wp-json\/wp\/v2\/comments?post=3"}],"version-history":[{"count":14,"href":"https:\/\/hanikaj.com\/index.php\/wp-json\/wp\/v2\/pages\/3\/revisions"}],"predecessor-version":[{"id":4585,"href":"https:\/\/hanikaj.com\/index.php\/wp-json\/wp\/v2\/pages\/3\/revisions\/4585"}],"wp:attachment":[{"href":"https:\/\/hanikaj.com\/index.php\/wp-json\/wp\/v2\/media?parent=3"}],"curies":[{"name":"wp","href":"https:\/\/api.w.org\/{rel}","templated":true}]}}