{"id":4046,"date":"2014-11-09T08:05:08","date_gmt":"2014-11-09T08:05:08","guid":{"rendered":"https:\/\/hanikaj.com\/index.php\/about-us\/"},"modified":"2026-03-19T04:35:45","modified_gmt":"2026-03-19T04:35:45","slug":"o-nas","status":"publish","type":"page","link":"https:\/\/hanikaj.com\/index.php\/o-nas\/","title":{"rendered":"O Nas"},"content":{"rendered":"<section class=\"wpb-content-wrapper\"><p>[vc_row section_id=&#8221;section1&#8243;][vc_column width=&#8221;1\/2&#8243; css=&#8221;.vc_custom_1680356684811{padding-top: 10% !important;}&#8221;]<div class=\"grve-element grve-image grve-animated-item grve-fadeInLeft grve-align-center\" style=\"\" data-delay=\"300\"><img decoding=\"async\" width=\"632\" height=\"448\" src=\"https:\/\/hanikaj.com\/wp-content\/uploads\/2022\/06\/img-onas.jpg\" class=\"attachment-full size-full\" alt=\"\" srcset=\"https:\/\/hanikaj.com\/wp-content\/uploads\/2022\/06\/img-onas.jpg 632w, https:\/\/hanikaj.com\/wp-content\/uploads\/2022\/06\/img-onas-300x213.jpg 300w, https:\/\/hanikaj.com\/wp-content\/uploads\/2022\/06\/img-onas-600x425.jpg 600w\" sizes=\"(max-width: 632px) 100vw, 632px\" \/><\/div>[\/vc_column][vc_column width=&#8221;1\/2&#8243; css=&#8221;.vc_custom_1680357420237{padding-top: 2% !important;padding-right: 3% !important;padding-bottom: 6% !important;padding-left: 3% !important;}&#8221;]<div class=\"grve-element grve-slogan grve-align-left grve-animated-item grve-fadeInRight\" style=\"\" data-delay=\"300\"><h3 class=\"grve-slogan-title grve-align-left grve-title-no-line\"><span>O stronie<\/span><\/h3>  <p class=\"\">Strona ta powsta\u0142a z inspiracji naszymi synkami, kt\u00f3rzy dorastaj\u0105 w \u015brodowiskach wieloj\u0119zycznych \u2013 ka\u017cdy z nich na co dzie\u0144 s\u0142yszy cztery j\u0119zyki.<\/p>\n<p>To dla nich postanowi\u0142y\u015bmy zrobi\u0107 prezent, widz\u0105c, jak bawi\u0105 si\u0119 (jeszcze jako p\u00f3\u0142roczne bobasy) kolorowymi ksi\u0105\u017ceczkami z grubymi, sztywnymi kartami, i zaprojektowa\u0142y\u015bmy w\u0142asn\u0105 ksi\u0105\u017ceczk\u0119. Wieloj\u0119zyczn\u0105 w\u0142a\u015bnie. Ksi\u0105\u017ceczk\u0119 \u201eHani i Kaj ucz\u0105 si\u0119 j\u0119zyk\u00f3w\u201d stworzy\u0142y\u015bmy same, ze wsparciem naszej Mamy, a Babci ch\u0142opc\u00f3w. Od pomys\u0142u, a\u017c po wydruk! Jest w to ca\u0142o\u015bci nasza inwestycja \u2013 zar\u00f3wno pieni\u0119dzy, jak i czasu i wysi\u0142ku \u2013 i stanowi produkt DIY w limitowanej serii.<\/p>\n<p>Na potrzeby prezentacji, promocji oraz po prostu z wielkiej ch\u0119ci podzielenia si\u0119 z jak najszersz\u0105 grup\u0105 rodzic\u00f3w rezultatami naszej pracy (w przygotowaniu s\u0105 m.in. kolejne ksi\u0105\u017ceczki, bajki oraz karty do zabawy i nauki) za\u0142o\u017cy\u0142y\u015bmy stron\u0119 HaniKaj.com, kt\u00f3ra, jak mo\u017cecie si\u0119 domy\u015bla\u0107, r\u00f3wnie\u017c zosta\u0142a zbudowana przez nas. I wci\u0105\u017c jest rozwijana oraz udoskonalana. Dlatego najmocniej przepraszamy za wszelkie uniedogodnienia podczas jej przegl\u0105dania i jedocze\u015bnie dzi\u0119kujemy za zrozumienie.<\/p><\/div>[\/vc_column][\/vc_row][vc_row heading_color=&#8221;dark&#8221; bg_type=&#8221;color&#8221; padding_top=&#8221;110&#8243; padding_bottom=&#8221;110&#8243; bg_color=&#8221;#ededed&#8221; margin_bottom=&#8221;0&#8243; font_color=&#8221;#454545&#8243;][vc_column css=&#8221;.vc_custom_1415523528328{padding-right: 20% !important;padding-left: 20% !important;}&#8221;]<h3 class=\"grve-element grve-align-center grve-title-no-line grve-h3\" style=\"\"><span>NASZE MAMY<\/span><\/h3>[vc_column_text text_style=&#8221;leader-text&#8221; animation=&#8221;fadeIn&#8221; animation_delay=&#8221;250&#8243; css=&#8221;.vc_custom_1680016778283{padding-bottom: 5% !important;}&#8221;]<\/p>\n<p style=\"text-align: center;\">Nasze Mamy postanowi\u0142y zrobi\u0107 nam prezent i wydrukowa\u0142y kolorow\u0105, ilustrowan\u0105 ksi\u0105\u017ceczk\u0119, kt\u00f3rej przeczytania nie mo\u017cemy si\u0119 doczeka\u0107. Wszystkie wierszyki i ilustracje wykona\u0142y same ze wsparciem naszej Babci, a ich Mamy.<\/p>\n<p>[\/vc_column_text][\/vc_column][\/vc_row][vc_row bg_type=&#8221;color&#8221; padding_top=&#8221;120&#8243; padding_bottom=&#8221;120&#8243; margin_bottom=&#8221;0&#8243; bg_color=&#8221;#7840bc&#8221;][vc_column width=&#8221;2\/3&#8243; tablet_width=&#8221;1-2&#8243;]<div class=\"grve-element grve-image grve-animated-item grve-fadeInLeft grve-align-center\" style=\"\" data-delay=\"200\"><img decoding=\"async\" width=\"150\" height=\"150\" src=\"https:\/\/hanikaj.com\/wp-content\/uploads\/2026\/03\/thmbimagefacez1-150x150.png\" class=\"attachment-thumbnail size-thumbnail\" alt=\"\" srcset=\"https:\/\/hanikaj.com\/wp-content\/uploads\/2026\/03\/thmbimagefacez1-150x150.png 150w, https:\/\/hanikaj.com\/wp-content\/uploads\/2026\/03\/thmbimagefacez1-300x300.png 300w, https:\/\/hanikaj.com\/wp-content\/uploads\/2026\/03\/thmbimagefacez1-80x80.png 80w, https:\/\/hanikaj.com\/wp-content\/uploads\/2026\/03\/thmbimagefacez1.png 500w\" sizes=\"(max-width: 150px) 100vw, 150px\" \/><\/div>[\/vc_column][vc_column width=&#8221;1\/3&#8243; tablet_width=&#8221;1-2&#8243; css=&#8221;.vc_custom_1416007778736{padding-top: 30px !important;padding-right: 30px !important;padding-bottom: 30px !important;padding-left: 30px !important;background-color: #ffffff !important;}&#8221;][vc_column_text text_style=&#8221;leader-text&#8221;]<\/p>\n<p style=\"text-align: left;\">Zuzanna &#8211; Ilustratorka i Autorka<\/p>\n<p>[\/vc_column_text]<div class=\"grve-element grve-hr grve-line-divider\" style=\"\"><\/div>[vc_column_text]Za\u0142o\u017cycielka strony i inicjatorka <em>Hani &amp; Kaj<\/em>. Nieskromnie m\u00f3wi\u0105c, pomys\u0142odawczyni wielu projekt\u00f3w, ilustratorka i autorka tekst\u00f3w. Ale przede wszystkim mama Kajusia, kt\u00f3rej najwi\u0119kszymi pasjami opr\u00f3cz synka s\u0105 motoryzacja i plastyka. Z wykszta\u0142cenia filolog oraz dziennikarz.[\/vc_column_text]<div class=\"grve-element grve-align-center\"><a class=\"grve-btn grve-btn-large grve-square grve-red-color\" href=\"https:\/\/thekamien.com\/\" target=\"_blank\" style=\"\"><span>Moja strona<\/span><\/a><\/div>[\/vc_column][\/vc_row][vc_row bg_type=&#8221;color&#8221; padding_top=&#8221;120&#8243; padding_bottom=&#8221;120&#8243; margin_bottom=&#8221;0&#8243; bg_color=&#8221;#1e73be&#8221;][vc_column width=&#8221;2\/3&#8243; tablet_width=&#8221;1-2&#8243;]<div class=\"grve-element grve-image grve-animated-item grve-fadeInLeft grve-align-center\" style=\"\" data-delay=\"200\"><img decoding=\"async\" width=\"150\" height=\"150\" src=\"https:\/\/hanikaj.com\/wp-content\/uploads\/2026\/03\/thmbimagefaceb1-150x150.png\" class=\"attachment-thumbnail size-thumbnail\" alt=\"\" srcset=\"https:\/\/hanikaj.com\/wp-content\/uploads\/2026\/03\/thmbimagefaceb1-150x150.png 150w, https:\/\/hanikaj.com\/wp-content\/uploads\/2026\/03\/thmbimagefaceb1-300x300.png 300w, https:\/\/hanikaj.com\/wp-content\/uploads\/2026\/03\/thmbimagefaceb1-80x80.png 80w, https:\/\/hanikaj.com\/wp-content\/uploads\/2026\/03\/thmbimagefaceb1.png 500w\" sizes=\"(max-width: 150px) 100vw, 150px\" \/><\/div>[\/vc_column][vc_column width=&#8221;1\/3&#8243; tablet_width=&#8221;1-2&#8243; css=&#8221;.vc_custom_1416007778736{padding-top: 30px !important;padding-right: 30px !important;padding-bottom: 30px !important;padding-left: 30px !important;background-color: #ffffff !important;}&#8221;][vc_column_text text_style=&#8221;leader-text&#8221;]<\/p>\n<p style=\"text-align: left;\">Barbara &#8211; Autorka<\/p>\n<p>[\/vc_column_text]<div class=\"grve-element grve-hr grve-line-divider\" style=\"\"><\/div>[vc_column_text]Autorka wierszyk\u00f3w dla dzieci, bajek i nie tylko. Poch\u0142oni\u0119ta pisaniem powie\u015bci i oczywi\u015bcie synkiem, Hanim. Dyplomowany filolog, m\u00f3wi biegle po chi\u0144sku i w kilku innych j\u0119zykach.[\/vc_column_text]<div class=\"grve-element grve-align-center\"><a class=\"grve-btn grve-btn-large grve-square grve-bg-primary-3\" href=\"#\" target=\"_blank\" style=\"\"><span>Obserwuj mnie<\/span><\/a><\/div>[\/vc_column][\/vc_row][vc_row bg_type=&#8221;color&#8221; padding_top=&#8221;120&#8243; padding_bottom=&#8221;120&#8243;][vc_column]<div class=\"grve-element grve-slogan grve-align-center\" style=\"\"><div class=\"grve-subtitle\">GDZIE WSZYSTKO SI\u0118 ZACZ\u0118\u0141O<\/div><h3 class=\"grve-slogan-title grve-align-center grve-title-no-line\"><span>Hani i Kaj Ucz\u0105 Si\u0119 J\u0119zyk\u00f3w<\/span><\/h3>  <p class=\"\">To tytu\u0142 naszego pierwszego projektu, kt\u00f3ry doczeka\u0142 si\u0119 ju\u017c nowej, poprawionej wersji \u015bwi\u0105tecznej.<\/p><a class=\"grve-btn grve-btn-medium grve-square grve-aqua-color\" href=\"https:\/\/hanikaj.com\/index.php\/portfolio\/hani-i-kaj-ucza-sie-jezykow\/\" target=\"_self\" style=\"\"><span>Wi\u0119cej o ksi\u0105\u017ceczce<\/span><\/a><\/div>[\/vc_column][\/vc_row]<\/p>\n<\/section>","protected":false},"excerpt":{"rendered":"<p>[vc_row section_id=&#8221;section1&#8243;][vc_column width=&#8221;1\/2&#8243; css=&#8221;.vc_custom_1680356684811{padding-top: 10% !important;}&#8221;][\/vc_column][vc_column width=&#8221;1\/2&#8243; css=&#8221;.vc_custom_1680357420237{padding-top: 2% !important;padding-right: 3% !important;padding-bottom: 6% !important;padding-left: 3% !important;}&#8221;][\/vc_column][\/vc_row][vc_row heading_color=&#8221;dark&#8221; bg_type=&#8221;color&#8221; padding_top=&#8221;110&#8243; padding_bottom=&#8221;110&#8243; bg_color=&#8221;#ededed&#8221; margin_bottom=&#8221;0&#8243; font_color=&#8221;#454545&#8243;][vc_column css=&#8221;.vc_custom_1415523528328{padding-right: 20% !important;padding-left: 20% !important;}&#8221;][vc_column_text text_style=&#8221;leader-text&#8221; animation=&#8221;fadeIn&#8221; animation_delay=&#8221;250&#8243; css=&#8221;.vc_custom_1680016778283{padding-bottom: 5% !important;}&#8221;] Nasze Mamy postanowi\u0142y zrobi\u0107 nam prezent i wydrukowa\u0142y kolorow\u0105, ilustrowan\u0105 ksi\u0105\u017ceczk\u0119, kt\u00f3rej przeczytania nie mo\u017cemy si\u0119 doczeka\u0107. Wszystkie wierszyki i ilustracje [&hellip;]<\/p>\n","protected":false},"author":1,"featured_media":0,"parent":0,"menu_order":0,"comment_status":"open","ping_status":"closed","template":"","meta":{"_acf_changed":false,"_monsterinsights_skip_tracking":false,"_monsterinsights_sitenote_active":false,"_monsterinsights_sitenote_note":"","_monsterinsights_sitenote_category":0,"footnotes":""},"class_list":["post-4046","page","type-page","status-publish","hentry"],"aioseo_notices":[],"acf":[],"_links":{"self":[{"href":"https:\/\/hanikaj.com\/index.php\/wp-json\/wp\/v2\/pages\/4046","targetHints":{"allow":["GET"]}}],"collection":[{"href":"https:\/\/hanikaj.com\/index.php\/wp-json\/wp\/v2\/pages"}],"about":[{"href":"https:\/\/hanikaj.com\/index.php\/wp-json\/wp\/v2\/types\/page"}],"author":[{"embeddable":true,"href":"https:\/\/hanikaj.com\/index.php\/wp-json\/wp\/v2\/users\/1"}],"replies":[{"embeddable":true,"href":"https:\/\/hanikaj.com\/index.php\/wp-json\/wp\/v2\/comments?post=4046"}],"version-history":[{"count":68,"href":"https:\/\/hanikaj.com\/index.php\/wp-json\/wp\/v2\/pages\/4046\/revisions"}],"predecessor-version":[{"id":5047,"href":"https:\/\/hanikaj.com\/index.php\/wp-json\/wp\/v2\/pages\/4046\/revisions\/5047"}],"wp:attachment":[{"href":"https:\/\/hanikaj.com\/index.php\/wp-json\/wp\/v2\/media?parent=4046"}],"curies":[{"name":"wp","href":"https:\/\/api.w.org\/{rel}","templated":true}]}}