{"id":4587,"date":"2023-04-05T15:04:24","date_gmt":"2023-04-05T15:04:24","guid":{"rendered":"https:\/\/hanikaj.com\/?page_id=4587"},"modified":"2023-04-10T15:53:45","modified_gmt":"2023-04-10T15:53:45","slug":"wspolpraca","status":"publish","type":"page","link":"https:\/\/hanikaj.com\/index.php\/wspolpraca\/","title":{"rendered":"Wsp\u00f3\u0142praca"},"content":{"rendered":"<section class=\"wpb-content-wrapper\"><p>[vc_row heading_color=&#8221;primary-1&#8243; section_type=&#8221;in-container&#8221; header_feature=&#8221;yes&#8221; padding_top=&#8221;120&#8243; margin_bottom=&#8221;0&#8243; padding_bottom=&#8221;120&#8243;][vc_column width=&#8221;1\/4&#8243; tablet_width=&#8221;1-2&#8243; css=&#8221;.vc_custom_1422796236994{padding-right: 3% !important;padding-left: 3% !important;}&#8221;]<div class=\"grve-element grve-box-icon grve-align-center grve-animated-item grve-fadeInUp\" style=\"margin-bottom: 10px;\" data-delay=\"150\">  <div class=\"grve-icon grve-large grve-simple grve-no-shape grve-color-grey fa fa-pencil\"><\/div>  <div class=\"grve-box-content\"><h3 class=\"grve-box-title\"><span>Pisanie<\/span><\/h3>    <p class=\"\">Piszesz wierszyki dla dzieci?<\/p>  <\/div><\/div>[\/vc_column][vc_column width=&#8221;1\/4&#8243; tablet_width=&#8221;1-2&#8243; css=&#8221;.vc_custom_1422796242306{padding-right: 3% !important;padding-left: 3% !important;}&#8221;]<div class=\"grve-element grve-box-icon grve-align-center grve-animated-item grve-fadeInUp\" style=\"margin-bottom: 10px;\" data-delay=\"350\">  <div class=\"grve-icon grve-large grve-simple grve-no-shape grve-color-grey fa fa-truck\"><\/div>  <div class=\"grve-box-content\"><h3 class=\"grve-box-title\"><span>Dystrybucja<\/span><\/h3>    <p class=\"\">Zajmujesz si\u0119 dystrybucj\u0105?<\/p>  <\/div><\/div>[\/vc_column][vc_column width=&#8221;1\/4&#8243; tablet_width=&#8221;1-2&#8243; css=&#8221;.vc_custom_1422796248304{padding-right: 3% !important;padding-left: 3% !important;}&#8221;]<div class=\"grve-element grve-box-icon grve-align-center grve-animated-item grve-fadeInUp\" style=\"margin-bottom: 10px;\" data-delay=\"550\">  <div class=\"grve-icon grve-large grve-simple grve-no-shape grve-color-grey fa fa-copy\"><\/div>  <div class=\"grve-box-content\"><h3 class=\"grve-box-title\"><span>Wydruk<\/span><\/h3>    <p class=\"\">Jeste\u015b wydawc\u0105\/masz wydawnictwo?<\/p>  <\/div><\/div>[\/vc_column][vc_column width=&#8221;1\/4&#8243; tablet_width=&#8221;1-2&#8243; css=&#8221;.vc_custom_1422796356422{padding-right: 3% !important;padding-left: 3% !important;}&#8221;]<div class=\"grve-element grve-box-icon grve-align-center grve-animated-item grve-fadeInUp\" style=\"margin-bottom: 10px;\" data-delay=\"750\">  <div class=\"grve-icon grve-large grve-simple grve-no-shape grve-color-grey fa fa-space-shuttle\"><\/div>  <div class=\"grve-box-content\"><h3 class=\"grve-box-title\"><span>Promocja<\/span><\/h3>    <p class=\"\">Znasz si\u0119 na promocji ksi\u0105\u017cek dla dzieci?<\/p>  <\/div><\/div>[\/vc_column][\/vc_row][vc_row heading_color=&#8221;primary-1&#8243; section_type=&#8221;fullwidth-element&#8221; bg_type=&#8221;image&#8221; bg_image=&#8221;2277&#8243; bg_image_type=&#8221;animated&#8221; color_overlay=&#8221;dark&#8221; opacity_overlay=&#8221;60&#8243; padding_top=&#8221;120&#8243; padding_bottom=&#8221;120&#8243; font_color=&#8221;#ffffff&#8221; margin_bottom=&#8221;0&#8243;][vc_column css=&#8221;.vc_custom_1421871208102{border-right-width: 1px !important;padding-right: 4% !important;padding-left: 4% !important;border-right-color: #525252 !important;border-right-style: solid !important;}&#8221;]<div class=\"grve-element grve-slogan grve-align-center grve-animated-item grve-fadeIn\" style=\"\" data-delay=\"100\"><h4 class=\"grve-slogan-title grve-align-center grve-title-no-line\"><span>Wydrukuj nas<\/span><\/h4>  <p class=\"\">Poszukujemy wydawnictwa, kt\u00f3re zainteresowane by by\u0142o publikacj\u0105 naszych ksi\u0105\u017ceczek\/wierszyk\u00f3w. Je\u015bli jeste\u015b wydawc\u0105, ch\u0119tnie nawi\u0105\u017cemy wsp\u00f3\u0142prac\u0119! Rozwa\u017camy r\u00f3wnie\u017c wydruk ze wsparciem dystrybucyjnym lub sam wydruk.<\/p><a class=\"grve-btn grve-btn-large grve-square grve-bg-primary-1\" href=\"https:\/\/hanikaj.com\/index.php\/kontakt\/\" target=\"_self\" style=\"\"><span>Napisz do nas<\/span><\/a><\/div>[\/vc_column][\/vc_row][vc_row padding_top=&#8221;120&#8243; padding_bottom=&#8221;120&#8243; margin_bottom=&#8221;0&#8243; section_id=&#8221;inspired-demos&#8221;][vc_column width=&#8221;1\/2&#8243; tablet_width=&#8221;1&#8243;]<div class=\"grve-element grve-image grve-animated-item grve-fadeInLeft grve-align-center\" style=\"\" data-delay=\"300\"><img decoding=\"async\" width=\"750\" height=\"514\" src=\"https:\/\/hanikaj.com\/wp-content\/uploads\/2022\/06\/img-contact.jpg\" class=\"attachment-full size-full\" alt=\"\" srcset=\"https:\/\/hanikaj.com\/wp-content\/uploads\/2022\/06\/img-contact.jpg 750w, https:\/\/hanikaj.com\/wp-content\/uploads\/2022\/06\/img-contact-300x206.jpg 300w, https:\/\/hanikaj.com\/wp-content\/uploads\/2022\/06\/img-contact-600x411.jpg 600w\" sizes=\"(max-width: 750px) 100vw, 750px\" \/><\/div>[\/vc_column][vc_column width=&#8221;1\/2&#8243; tablet_width=&#8221;1&#8243; css=&#8221;.vc_custom_1680786172769{padding-top: 3% !important;padding-right: 3% !important;padding-left: 3% !important;}&#8221;]<div class=\"grve-element grve-slogan grve-align-left grve-animated-item grve-fadeInRight\" style=\"\" data-delay=\"300\"><h4 class=\"grve-slogan-title grve-align-left grve-title-no-line\"><span>Wsp\u00f3\u0142praca z autorami<\/span><\/h4>  <p class=\"\">Tworzysz opowie\u015bci lub piszesz wierszyki? Masz wieloj\u0119zyczne dziecko? Ch\u0119tnie nawi\u0105\u017cemy r\u00f3wnie\u017c wsp\u00f3\u0142prac\u0119 z innymi autorami \u2013 rodzicami i nie tylko \u2013 kt\u00f3rzy chcieliby wzi\u0105\u0107 udzia\u0142 w tworzeniu naszych ksi\u0105\u017ceczek lub po prostu zrobi\u0107 wyj\u0105tkowy prezent swoim dzieciom.<\/p><a class=\"grve-btn grve-btn-medium grve-square grve-blue-color\" href=\"https:\/\/hanikaj.com\/index.php\/kontakt\/\" target=\"_self\" style=\"\"><span>Skontaktuj si\u0119 z nami<\/span><\/a><\/div>[\/vc_column][\/vc_row][vc_row bg_type=&#8221;color&#8221; footer_feature=&#8221;yes&#8221; padding_top=&#8221;50&#8243; padding_bottom=&#8221;50&#8243; bg_color=&#8221;#01aaeb&#8221; font_color=&#8221;#ffffff&#8221;][vc_column]<div class=\"grve-element grve-callout grve-animated-item grve-fadeInUp grve-btn-right\" style=\"\">  <div class=\"grve-callout-wrapper\">    <p class=\"grve-leader-text\">Zapoznaj si\u0119 z naszymi uko\u0144czonymi projektami<\/p>  <\/div>  <div class=\"grve-button-wrapper\"><a class=\"grve-btn grve-btn-medium grve-square grve-white-color grve-btn-line\" href=\"https:\/\/hanikaj.com\/#portfolio\" target=\"_blank\" style=\"\"><span>Portfolio<\/span><\/a>  <\/div><\/div>[\/vc_column][\/vc_row]<\/p>\n<\/section>","protected":false},"excerpt":{"rendered":"<p>[vc_row heading_color=&#8221;primary-1&#8243; section_type=&#8221;in-container&#8221; header_feature=&#8221;yes&#8221; padding_top=&#8221;120&#8243; margin_bottom=&#8221;0&#8243; padding_bottom=&#8221;120&#8243;][vc_column width=&#8221;1\/4&#8243; tablet_width=&#8221;1-2&#8243; css=&#8221;.vc_custom_1422796236994{padding-right: 3% !important;padding-left: 3% !important;}&#8221;][\/vc_column][vc_column width=&#8221;1\/4&#8243; tablet_width=&#8221;1-2&#8243; css=&#8221;.vc_custom_1422796242306{padding-right: 3% !important;padding-left: 3% !important;}&#8221;][\/vc_column][vc_column width=&#8221;1\/4&#8243; tablet_width=&#8221;1-2&#8243; css=&#8221;.vc_custom_1422796248304{padding-right: 3% !important;padding-left: 3% !important;}&#8221;][\/vc_column][vc_column width=&#8221;1\/4&#8243; tablet_width=&#8221;1-2&#8243; css=&#8221;.vc_custom_1422796356422{padding-right: 3% !important;padding-left: 3% !important;}&#8221;][\/vc_column][\/vc_row][vc_row heading_color=&#8221;primary-1&#8243; section_type=&#8221;fullwidth-element&#8221; bg_type=&#8221;image&#8221; bg_image=&#8221;2277&#8243; bg_image_type=&#8221;animated&#8221; color_overlay=&#8221;dark&#8221; opacity_overlay=&#8221;60&#8243; padding_top=&#8221;120&#8243; padding_bottom=&#8221;120&#8243; font_color=&#8221;#ffffff&#8221; margin_bottom=&#8221;0&#8243;][vc_column css=&#8221;.vc_custom_1421871208102{border-right-width: 1px !important;padding-right: 4% !important;padding-left: 4% !important;border-right-color: #525252 !important;border-right-style: [&hellip;]<\/p>\n","protected":false},"author":1,"featured_media":0,"parent":0,"menu_order":0,"comment_status":"closed","ping_status":"closed","template":"","meta":{"_acf_changed":false,"_monsterinsights_skip_tracking":false,"_monsterinsights_sitenote_active":false,"_monsterinsights_sitenote_note":"","_monsterinsights_sitenote_category":0,"footnotes":""},"class_list":["post-4587","page","type-page","status-publish","hentry"],"aioseo_notices":[],"acf":[],"_links":{"self":[{"href":"https:\/\/hanikaj.com\/index.php\/wp-json\/wp\/v2\/pages\/4587","targetHints":{"allow":["GET"]}}],"collection":[{"href":"https:\/\/hanikaj.com\/index.php\/wp-json\/wp\/v2\/pages"}],"about":[{"href":"https:\/\/hanikaj.com\/index.php\/wp-json\/wp\/v2\/types\/page"}],"author":[{"embeddable":true,"href":"https:\/\/hanikaj.com\/index.php\/wp-json\/wp\/v2\/users\/1"}],"replies":[{"embeddable":true,"href":"https:\/\/hanikaj.com\/index.php\/wp-json\/wp\/v2\/comments?post=4587"}],"version-history":[{"count":38,"href":"https:\/\/hanikaj.com\/index.php\/wp-json\/wp\/v2\/pages\/4587\/revisions"}],"predecessor-version":[{"id":4712,"href":"https:\/\/hanikaj.com\/index.php\/wp-json\/wp\/v2\/pages\/4587\/revisions\/4712"}],"wp:attachment":[{"href":"https:\/\/hanikaj.com\/index.php\/wp-json\/wp\/v2\/media?parent=4587"}],"curies":[{"name":"wp","href":"https:\/\/api.w.org\/{rel}","templated":true}]}}