{"id":4926,"date":"2025-10-27T10:03:52","date_gmt":"2025-10-27T10:03:52","guid":{"rendered":"https:\/\/hanikaj.com\/?page_id=4926"},"modified":"2025-10-27T10:50:52","modified_gmt":"2025-10-27T10:50:52","slug":"blog","status":"publish","type":"page","link":"https:\/\/hanikaj.com\/index.php\/blog\/","title":{"rendered":"Blog"},"content":{"rendered":"<section class=\"wpb-content-wrapper\"><p>[vc_row][vc_column]\t\t<div class=\"grve-element grve-blog grve-blog-masonry grve-isotope grve-border-mode\" style=\"\" data-type=\"3-columns\" data-layout=\"masonry\" data-spinner=\"no\">\r\n\t\t\t<div class=\"grve-isotope-container\">\r\n\t\t\t<article id=\"post-5015\" class=\"grve-blog-item grve-isotope-item post-5015 post type-post status-publish format-standard has-post-thumbnail hentry category-blog category-wydarzenia tag-ksiazeczka-dla-dzieci tag-swieta tag-swiety-mikolaj tag-wiersz\" itemscope itemType=\"http:\/\/schema.org\/BlogPosting\">\r\n\t\t\t\t<div class=\"grve-isotope-item-inner\">\t\t\t\t\t\t\t<div class=\"grve-media grve-image-hover\">\r\n\t\t\t<a href=\"https:\/\/hanikaj.com\/index.php\/2025\/12\/16\/swiety-mikolaj-juz-jest\/\" target=\"_self\"><img decoding=\"async\" width=\"919\" height=\"1000\" src=\"https:\/\/hanikaj.com\/wp-content\/uploads\/2025\/12\/siety-post-sm.jpg\" class=\"attachment-large size-large wp-post-image\" alt=\"\" srcset=\"https:\/\/hanikaj.com\/wp-content\/uploads\/2025\/12\/siety-post-sm.jpg 919w, https:\/\/hanikaj.com\/wp-content\/uploads\/2025\/12\/siety-post-sm-276x300.jpg 276w, https:\/\/hanikaj.com\/wp-content\/uploads\/2025\/12\/siety-post-sm-768x836.jpg 768w\" sizes=\"(max-width: 919px) 100vw, 919px\" \/><\/a>\r\n\t\t<\/div>\r\n\r\n\t\t\t\t\t\t\t\t\t\t\t<div class=\"grve-post-content\">\r\n\t\t\t\t\t\t\t<a href=\"https:\/\/hanikaj.com\/index.php\/2025\/12\/16\/swiety-mikolaj-juz-jest\/\" rel=\"bookmark\"><h5 class=\"grve-post-title\" itemprop=\"headline\">\u015awi\u0119ty Miko\u0142aj ju\u017c jest<\/h5><\/a>\t\t\t\t\t\t\t\t\t<span class=\"grve-hidden\">\n\t\t\t<span class=\"grve-structured-data\" itemprop=\"image\" itemscope itemtype=\"http:\/\/schema.org\/ImageObject\">\n\t\t\t   <span itemprop='url' >https:\/\/hanikaj.com\/wp-content\/uploads\/2025\/12\/siety-post-sm.jpg<\/span>\n\t\t\t   <span itemprop='height' >919<\/span>\n\t\t\t   <span itemprop='width' >1000<\/span>\n\t\t\t<\/span>\n\t\t\t\t\t\t<span class=\"grve-structured-data\" itemprop=\"author\" itemscope itemtype=\"http:\/\/schema.org\/Person\">\n\t\t\t\t<span itemprop=\"name\">Hani &amp; Kaj<\/span>\n\t\t\t<\/span>\n\t\t\t<span class=\"grve-structured-data\" itemprop=\"publisher\" itemscope itemtype=\"http:\/\/schema.org\/Organization\">\n\t\t\t\t<span itemprop='name'>Hani &amp; Kaj<\/span>\n\t\t\t\t<span itemprop='logo' itemscope itemtype='http:\/\/schema.org\/ImageObject'>\n\t\t\t\t\t<span itemprop='url'>https:\/\/hanikaj.com\/wp-content\/uploads\/2025\/12\/siety-post-sm.jpg<\/span>\n\t\t\t\t<\/span>\n\t\t\t<\/span>\n\t\t\t\t\t\t<time class=\"grve-structured-data\" itemprop=\"datePublished\" datetime=\"2025-12-16T15:19:24+00:00\">16 grudnia, 2025<\/time>\n\t\t\t<time class=\"grve-structured-data\" itemprop=\"dateModified\"  datetime=\"2026-03-16T14:34:24+00:00\">16 marca, 2026<\/time>\n\t\t\t<span class=\"grve-structured-data\" itemprop=\"mainEntityOfPage\" itemscope itemtype=\"http:\/\/schema.org\/WebPage\" itemid=\"https:\/\/hanikaj.com\/index.php\/2025\/12\/16\/swiety-mikolaj-juz-jest\/\"><\/span>\n\t\t<\/span>\n\t\t\t\t\t\t\t\t<div class=\"grve-post-meta\">\r\n\t\t\t\t\t\t\t\t\t<time class=\"grve-post-date\" datetime=\"2025-12-16T15:19:24+00:00\">\r\n\t\t16 grudnia, 2025\t<\/time>\r\n\t\t\t\t\t\t\t<\/div>\r\n\t\t\t\t\t\t\t<div itemprop=\"articleBody\"><p>\u015awi\u0119ta tu\u017c-tu\u017c, a Miko\u0142aj ju\u017c jest! W tym roku Hani i Kaj dostali wyj\u0105tkowy prezent \u015bwi\u0105teczny \u2013 ksi\u0105\u017ceczk\u0119 &#8220;Zmartwienie \u015awi\u0119tego Miko\u0142aja&#8221;.<\/p>\n<\/div>\t\t\t\t\t\t<\/div>\r\n\t\t\t\t\t\r\n\t\t\t\t<\/div>\t\t\t<\/article>\r\n\r\n\t\t\t<article id=\"post-4991\" class=\"grve-blog-item grve-isotope-item post-4991 post type-post status-publish format-standard has-post-thumbnail hentry category-blog category-wydarzenia tag-ksiazki-dla-dzieci tag-ksiega-kwiatow tag-kwiatki tag-lokomotywy tag-monstertrucki tag-motocykle tag-pociagi tag-wydruk\" itemscope itemType=\"http:\/\/schema.org\/BlogPosting\">\r\n\t\t\t\t<div class=\"grve-isotope-item-inner\">\t\t\t\t\t\t\t<div class=\"grve-media grve-image-hover\">\r\n\t\t\t<a href=\"https:\/\/hanikaj.com\/index.php\/2025\/05\/14\/wiosna-lato-nowe-ksiazki\/\" target=\"_self\"><img decoding=\"async\" width=\"350\" height=\"350\" src=\"https:\/\/hanikaj.com\/wp-content\/uploads\/2025\/05\/post-ks-thmb.jpg\" class=\"attachment-large size-large wp-post-image\" alt=\"\" srcset=\"https:\/\/hanikaj.com\/wp-content\/uploads\/2025\/05\/post-ks-thmb.jpg 350w, https:\/\/hanikaj.com\/wp-content\/uploads\/2025\/05\/post-ks-thmb-300x300.jpg 300w, https:\/\/hanikaj.com\/wp-content\/uploads\/2025\/05\/post-ks-thmb-150x150.jpg 150w, https:\/\/hanikaj.com\/wp-content\/uploads\/2025\/05\/post-ks-thmb-80x80.jpg 80w\" sizes=\"(max-width: 350px) 100vw, 350px\" \/><\/a>\r\n\t\t<\/div>\r\n\r\n\t\t\t\t\t\t\t\t\t\t\t<div class=\"grve-post-content\">\r\n\t\t\t\t\t\t\t<a href=\"https:\/\/hanikaj.com\/index.php\/2025\/05\/14\/wiosna-lato-nowe-ksiazki\/\" rel=\"bookmark\"><h5 class=\"grve-post-title\" itemprop=\"headline\">Wiosna, lato, nowe ksi\u0105\u017cki!<\/h5><\/a>\t\t\t\t\t\t\t\t\t<span class=\"grve-hidden\">\n\t\t\t<span class=\"grve-structured-data\" itemprop=\"image\" itemscope itemtype=\"http:\/\/schema.org\/ImageObject\">\n\t\t\t   <span itemprop='url' >https:\/\/hanikaj.com\/wp-content\/uploads\/2025\/05\/post-ks-thmb.jpg<\/span>\n\t\t\t   <span itemprop='height' >350<\/span>\n\t\t\t   <span itemprop='width' >350<\/span>\n\t\t\t<\/span>\n\t\t\t\t\t\t<span class=\"grve-structured-data\" itemprop=\"author\" itemscope itemtype=\"http:\/\/schema.org\/Person\">\n\t\t\t\t<span itemprop=\"name\">Hani &amp; Kaj<\/span>\n\t\t\t<\/span>\n\t\t\t<span class=\"grve-structured-data\" itemprop=\"publisher\" itemscope itemtype=\"http:\/\/schema.org\/Organization\">\n\t\t\t\t<span itemprop='name'>Hani &amp; Kaj<\/span>\n\t\t\t\t<span itemprop='logo' itemscope itemtype='http:\/\/schema.org\/ImageObject'>\n\t\t\t\t\t<span itemprop='url'>https:\/\/hanikaj.com\/wp-content\/uploads\/2025\/05\/post-ks-thmb.jpg<\/span>\n\t\t\t\t<\/span>\n\t\t\t<\/span>\n\t\t\t\t\t\t<time class=\"grve-structured-data\" itemprop=\"datePublished\" datetime=\"2025-05-14T14:07:00+00:00\">14 maja, 2025<\/time>\n\t\t\t<time class=\"grve-structured-data\" itemprop=\"dateModified\"  datetime=\"2026-03-16T14:37:18+00:00\">16 marca, 2026<\/time>\n\t\t\t<span class=\"grve-structured-data\" itemprop=\"mainEntityOfPage\" itemscope itemtype=\"http:\/\/schema.org\/WebPage\" itemid=\"https:\/\/hanikaj.com\/index.php\/2025\/05\/14\/wiosna-lato-nowe-ksiazki\/\"><\/span>\n\t\t<\/span>\n\t\t\t\t\t\t\t\t<div class=\"grve-post-meta\">\r\n\t\t\t\t\t\t\t\t\t<time class=\"grve-post-date\" datetime=\"2025-05-14T14:07:00+00:00\">\r\n\t\t14 maja, 2025\t<\/time>\r\n\t\t\t\t\t\t\t<\/div>\r\n\t\t\t\t\t\t\t<div itemprop=\"articleBody\"><p>Przysz\u0142a wiosna, lato coraz bli\u017cej. A w paczkach z drukarni \u2013 nowe ksi\u0105\u017ceczki!<\/p>\n<\/div>\t\t\t\t\t\t<\/div>\r\n\t\t\t\t\t\r\n\t\t\t\t<\/div>\t\t\t<\/article>\r\n\r\n\t\t\t<article id=\"post-4830\" class=\"grve-blog-item grve-isotope-item post-4830 post type-post status-publish format-video has-post-thumbnail hentry category-blog category-wydarzenia tag-hani-i-kaj-ucza-sie-polskiego tag-ksiazeczka tag-ksiazka tag-przedruk post_format-post-format-video\" itemscope itemType=\"http:\/\/schema.org\/BlogPosting\">\r\n\t\t\t\t<div class=\"grve-isotope-item-inner\">\t\t\t\t\t\t\t<div class=\"grve-media grve-image-hover\">\r\n\t\t\t<a href=\"https:\/\/hanikaj.com\/index.php\/2025\/03\/10\/hani-i-kaj-ucza-sie-polskiego-przedruk\/\" target=\"_self\"><img decoding=\"async\" width=\"783\" height=\"783\" src=\"https:\/\/hanikaj.com\/wp-content\/uploads\/2025\/03\/hanikaj-ksiazka-opt.jpg\" class=\"attachment-large size-large wp-post-image\" alt=\"\" srcset=\"https:\/\/hanikaj.com\/wp-content\/uploads\/2025\/03\/hanikaj-ksiazka-opt.jpg 783w, https:\/\/hanikaj.com\/wp-content\/uploads\/2025\/03\/hanikaj-ksiazka-opt-300x300.jpg 300w, https:\/\/hanikaj.com\/wp-content\/uploads\/2025\/03\/hanikaj-ksiazka-opt-150x150.jpg 150w, https:\/\/hanikaj.com\/wp-content\/uploads\/2025\/03\/hanikaj-ksiazka-opt-768x768.jpg 768w, https:\/\/hanikaj.com\/wp-content\/uploads\/2025\/03\/hanikaj-ksiazka-opt-500x500.jpg 500w, https:\/\/hanikaj.com\/wp-content\/uploads\/2025\/03\/hanikaj-ksiazka-opt-80x80.jpg 80w, https:\/\/hanikaj.com\/wp-content\/uploads\/2025\/03\/hanikaj-ksiazka-opt-560x560.jpg 560w\" sizes=\"(max-width: 783px) 100vw, 783px\" \/><\/a>\r\n\t\t<\/div>\r\n\r\n\t\t\t\t\t\t\t\t\t\t\t<div class=\"grve-post-content\">\r\n\t\t\t\t\t\t\t<a href=\"https:\/\/hanikaj.com\/index.php\/2025\/03\/10\/hani-i-kaj-ucza-sie-polskiego-przedruk\/\" rel=\"bookmark\"><h5 class=\"grve-post-title\" itemprop=\"headline\">Hani i Kaj ucz\u0105 si\u0119 polskiego &#8211; przedruk!<\/h5><\/a>\t\t\t\t\t\t\t\t\t<span class=\"grve-hidden\">\n\t\t\t<span class=\"grve-structured-data\" itemprop=\"image\" itemscope itemtype=\"http:\/\/schema.org\/ImageObject\">\n\t\t\t   <span itemprop='url' >https:\/\/hanikaj.com\/wp-content\/uploads\/2025\/03\/hanikaj-ksiazka-opt.jpg<\/span>\n\t\t\t   <span itemprop='height' >783<\/span>\n\t\t\t   <span itemprop='width' >783<\/span>\n\t\t\t<\/span>\n\t\t\t\t\t\t<span class=\"grve-structured-data\" itemprop=\"author\" itemscope itemtype=\"http:\/\/schema.org\/Person\">\n\t\t\t\t<span itemprop=\"name\">Hani &amp; Kaj<\/span>\n\t\t\t<\/span>\n\t\t\t<span class=\"grve-structured-data\" itemprop=\"publisher\" itemscope itemtype=\"http:\/\/schema.org\/Organization\">\n\t\t\t\t<span itemprop='name'>Hani &amp; Kaj<\/span>\n\t\t\t\t<span itemprop='logo' itemscope itemtype='http:\/\/schema.org\/ImageObject'>\n\t\t\t\t\t<span itemprop='url'>https:\/\/hanikaj.com\/wp-content\/uploads\/2025\/03\/hanikaj-ksiazka-opt.jpg<\/span>\n\t\t\t\t<\/span>\n\t\t\t<\/span>\n\t\t\t\t\t\t<time class=\"grve-structured-data\" itemprop=\"datePublished\" datetime=\"2025-03-10T16:14:33+00:00\">10 marca, 2025<\/time>\n\t\t\t<time class=\"grve-structured-data\" itemprop=\"dateModified\"  datetime=\"2025-10-27T01:53:08+00:00\">27 pa\u017adziernika, 2025<\/time>\n\t\t\t<span class=\"grve-structured-data\" itemprop=\"mainEntityOfPage\" itemscope itemtype=\"http:\/\/schema.org\/WebPage\" itemid=\"https:\/\/hanikaj.com\/index.php\/2025\/03\/10\/hani-i-kaj-ucza-sie-polskiego-przedruk\/\"><\/span>\n\t\t<\/span>\n\t\t\t\t\t\t\t\t<div class=\"grve-post-meta\">\r\n\t\t\t\t\t\t\t\t\t<time class=\"grve-post-date\" datetime=\"2025-03-10T16:14:33+00:00\">\r\n\t\t10 marca, 2025\t<\/time>\r\n\t\t\t\t\t\t\t<\/div>\r\n\t\t\t\t\t\t\t<div itemprop=\"articleBody\"><p>W\u0142a\u015bnie dotar\u0142 do nas przedruk odzyskanej ksi\u0105\u017cki &#8220;Hani i Kaj ucz\u0105 si\u0119 polskiego&#8221;!<\/p>\n<\/div>\t\t\t\t\t\t<\/div>\r\n\t\t\t\t\t\r\n\t\t\t\t<\/div>\t\t\t<\/article>\r\n\r\n\t\t\t<article id=\"post-2370\" class=\"grve-blog-item grve-isotope-item post-2370 post type-post status-publish format-standard has-post-thumbnail hentry category-blog tag-formularz-kontaktowy\" itemscope itemType=\"http:\/\/schema.org\/BlogPosting\">\r\n\t\t\t\t<div class=\"grve-isotope-item-inner\">\t\t\t\t\t\t\t<div class=\"grve-media grve-image-hover\">\r\n\t\t\t<a href=\"https:\/\/hanikaj.com\/index.php\/2022\/06\/29\/formularz-kontaktowy-problem-rozwiazany\/\" target=\"_self\"><img decoding=\"async\" width=\"1024\" height=\"731\" src=\"https:\/\/hanikaj.com\/wp-content\/uploads\/2022\/06\/error-6984855-1024x731.png\" class=\"attachment-large size-large wp-post-image\" alt=\"\" srcset=\"https:\/\/hanikaj.com\/wp-content\/uploads\/2022\/06\/error-6984855-1024x731.png 1024w, https:\/\/hanikaj.com\/wp-content\/uploads\/2022\/06\/error-6984855-300x214.png 300w, https:\/\/hanikaj.com\/wp-content\/uploads\/2022\/06\/error-6984855-768x548.png 768w, https:\/\/hanikaj.com\/wp-content\/uploads\/2022\/06\/error-6984855-1536x1097.png 1536w, https:\/\/hanikaj.com\/wp-content\/uploads\/2022\/06\/error-6984855-600x428.png 600w, https:\/\/hanikaj.com\/wp-content\/uploads\/2022\/06\/error-6984855.png 1920w\" sizes=\"(max-width: 1024px) 100vw, 1024px\" \/><\/a>\r\n\t\t<\/div>\r\n\r\n\t\t\t\t\t\t\t\t\t\t\t<div class=\"grve-post-content\">\r\n\t\t\t\t\t\t\t<a href=\"https:\/\/hanikaj.com\/index.php\/2022\/06\/29\/formularz-kontaktowy-problem-rozwiazany\/\" rel=\"bookmark\"><h5 class=\"grve-post-title\" itemprop=\"headline\">Formularz kontaktowy &#8211; problem rozwi\u0105zany!<\/h5><\/a>\t\t\t\t\t\t\t\t\t<span class=\"grve-hidden\">\n\t\t\t<span class=\"grve-structured-data\" itemprop=\"image\" itemscope itemtype=\"http:\/\/schema.org\/ImageObject\">\n\t\t\t   <span itemprop='url' >https:\/\/hanikaj.com\/wp-content\/uploads\/2022\/06\/error-6984855-1024x731.png<\/span>\n\t\t\t   <span itemprop='height' >1024<\/span>\n\t\t\t   <span itemprop='width' >731<\/span>\n\t\t\t<\/span>\n\t\t\t\t\t\t<span class=\"grve-structured-data\" itemprop=\"author\" itemscope itemtype=\"http:\/\/schema.org\/Person\">\n\t\t\t\t<span itemprop=\"name\">Hani &amp; Kaj<\/span>\n\t\t\t<\/span>\n\t\t\t<span class=\"grve-structured-data\" itemprop=\"publisher\" itemscope itemtype=\"http:\/\/schema.org\/Organization\">\n\t\t\t\t<span itemprop='name'>Hani &amp; Kaj<\/span>\n\t\t\t\t<span itemprop='logo' itemscope itemtype='http:\/\/schema.org\/ImageObject'>\n\t\t\t\t\t<span itemprop='url'>https:\/\/hanikaj.com\/wp-content\/uploads\/2022\/06\/error-6984855-1024x731.png<\/span>\n\t\t\t\t<\/span>\n\t\t\t<\/span>\n\t\t\t\t\t\t<time class=\"grve-structured-data\" itemprop=\"datePublished\" datetime=\"2022-06-29T14:26:25+00:00\">29 czerwca, 2022<\/time>\n\t\t\t<time class=\"grve-structured-data\" itemprop=\"dateModified\"  datetime=\"2023-03-31T14:49:39+00:00\">31 marca, 2023<\/time>\n\t\t\t<span class=\"grve-structured-data\" itemprop=\"mainEntityOfPage\" itemscope itemtype=\"http:\/\/schema.org\/WebPage\" itemid=\"https:\/\/hanikaj.com\/index.php\/2022\/06\/29\/formularz-kontaktowy-problem-rozwiazany\/\"><\/span>\n\t\t<\/span>\n\t\t\t\t\t\t\t\t<div class=\"grve-post-meta\">\r\n\t\t\t\t\t\t\t\t\t<time class=\"grve-post-date\" datetime=\"2022-06-29T14:26:25+00:00\">\r\n\t\t29 czerwca, 2022\t<\/time>\r\n\t\t\t\t\t\t\t<\/div>\r\n\t\t\t\t\t\t\t<div itemprop=\"articleBody\"><p>Na naszej stronie pojawi\u0142 si\u0119 b\u0142\u0105d, kt\u00f3ry zosta\u0142 ju\u017c naprawiony! Do dzi\u015b &#8220;Formularz kontaktowy&#8221; nie przesy\u0142a\u0142 do nas wprowadzanych tre\u015bci,&hellip;<\/p><\/div>\t\t\t\t\t\t<\/div>\r\n\t\t\t\t\t\r\n\t\t\t\t<\/div>\t\t\t<\/article>\r\n\r\n\t\t\t<article id=\"post-1005\" class=\"grve-blog-item grve-isotope-item post-1005 post type-post status-publish format-image has-post-thumbnail hentry category-blog category-wydarzenia tag-dzien-dziecka post_format-post-format-image\" itemscope itemType=\"http:\/\/schema.org\/BlogPosting\">\r\n\t\t\t\t<div class=\"grve-isotope-item-inner\">\t\t\t\t\t\t\t<div class=\"grve-media grve-image-hover\">\r\n\t\t\t<a href=\"https:\/\/hanikaj.com\/index.php\/2022\/06\/01\/dzien-dziecka\/\" target=\"_self\"><img decoding=\"async\" width=\"1024\" height=\"768\" src=\"https:\/\/hanikaj.com\/wp-content\/uploads\/2017\/08\/dd-1024x768.jpg\" class=\"attachment-large size-large wp-post-image\" alt=\"\" srcset=\"https:\/\/hanikaj.com\/wp-content\/uploads\/2017\/08\/dd-1024x768.jpg 1024w, https:\/\/hanikaj.com\/wp-content\/uploads\/2017\/08\/dd-300x225.jpg 300w, https:\/\/hanikaj.com\/wp-content\/uploads\/2017\/08\/dd-768x576.jpg 768w, https:\/\/hanikaj.com\/wp-content\/uploads\/2017\/08\/dd-600x450.jpg 600w, https:\/\/hanikaj.com\/wp-content\/uploads\/2017\/08\/dd.jpg 1200w\" sizes=\"(max-width: 1024px) 100vw, 1024px\" \/><\/a>\r\n\t\t<\/div>\r\n\r\n\t\t\t\t\t\t\t\t\t\t\t<div class=\"grve-post-content\">\r\n\t\t\t\t\t\t\t<a href=\"https:\/\/hanikaj.com\/index.php\/2022\/06\/01\/dzien-dziecka\/\" rel=\"bookmark\"><h5 class=\"grve-post-title\" itemprop=\"headline\">Dzie\u0144 Dziecka<\/h5><\/a>\t\t\t\t\t\t\t\t\t<span class=\"grve-hidden\">\n\t\t\t<span class=\"grve-structured-data\" itemprop=\"image\" itemscope itemtype=\"http:\/\/schema.org\/ImageObject\">\n\t\t\t   <span itemprop='url' >https:\/\/hanikaj.com\/wp-content\/uploads\/2017\/08\/dd-1024x768.jpg<\/span>\n\t\t\t   <span itemprop='height' >1024<\/span>\n\t\t\t   <span itemprop='width' >768<\/span>\n\t\t\t<\/span>\n\t\t\t\t\t\t<span class=\"grve-structured-data\" itemprop=\"author\" itemscope itemtype=\"http:\/\/schema.org\/Person\">\n\t\t\t\t<span itemprop=\"name\">Hani &amp; Kaj<\/span>\n\t\t\t<\/span>\n\t\t\t<span class=\"grve-structured-data\" itemprop=\"publisher\" itemscope itemtype=\"http:\/\/schema.org\/Organization\">\n\t\t\t\t<span itemprop='name'>Hani &amp; Kaj<\/span>\n\t\t\t\t<span itemprop='logo' itemscope itemtype='http:\/\/schema.org\/ImageObject'>\n\t\t\t\t\t<span itemprop='url'>https:\/\/hanikaj.com\/wp-content\/uploads\/2017\/08\/dd-1024x768.jpg<\/span>\n\t\t\t\t<\/span>\n\t\t\t<\/span>\n\t\t\t\t\t\t<time class=\"grve-structured-data\" itemprop=\"datePublished\" datetime=\"2022-06-01T08:34:00+00:00\">1 czerwca, 2022<\/time>\n\t\t\t<time class=\"grve-structured-data\" itemprop=\"dateModified\"  datetime=\"2026-03-18T06:02:55+00:00\">18 marca, 2026<\/time>\n\t\t\t<span class=\"grve-structured-data\" itemprop=\"mainEntityOfPage\" itemscope itemtype=\"http:\/\/schema.org\/WebPage\" itemid=\"https:\/\/hanikaj.com\/index.php\/2022\/06\/01\/dzien-dziecka\/\"><\/span>\n\t\t<\/span>\n\t\t\t\t\t\t\t\t<div class=\"grve-post-meta\">\r\n\t\t\t\t\t\t\t\t\t<time class=\"grve-post-date\" datetime=\"2022-06-01T08:34:00+00:00\">\r\n\t\t1 czerwca, 2022\t<\/time>\r\n\t\t\t\t\t\t\t<\/div>\r\n\t\t\t\t\t\t\t<div itemprop=\"articleBody\"><p>Pierwszy Dzie\u0144 Dziecka w \u017cyciu Hanusia i Kajusia! Z tej okazji \u017cyczymy wszystkim dzieciom \u2013\u00a0m\u0142odszym i starszym \u2013 du\u017co rado\u015bci,&hellip;<\/p><\/div>\t\t\t\t\t\t<\/div>\r\n\t\t\t\t\t\r\n\t\t\t\t<\/div>\t\t\t<\/article>\r\n\r\n\t\t\t<article id=\"post-1014\" class=\"grve-blog-item grve-isotope-item post-1014 post type-post status-publish format-image has-post-thumbnail hentry category-blog category-wydarzenia tag-ksiazeczka post_format-post-format-image\" itemscope itemType=\"http:\/\/schema.org\/BlogPosting\">\r\n\t\t\t\t<div class=\"grve-isotope-item-inner\">\t\t\t\t\t\t\t<div class=\"grve-media grve-image-hover\">\r\n\t\t\t<a href=\"https:\/\/hanikaj.com\/index.php\/2022\/06\/01\/dostawa-pierwszych-ksiazeczek\/\" target=\"_self\"><img decoding=\"async\" width=\"1024\" height=\"660\" src=\"https:\/\/hanikaj.com\/wp-content\/uploads\/2026\/03\/book-del-1-cen-1-1024x660.jpg\" class=\"attachment-large size-large wp-post-image\" alt=\"\" srcset=\"https:\/\/hanikaj.com\/wp-content\/uploads\/2026\/03\/book-del-1-cen-1-1024x660.jpg 1024w, https:\/\/hanikaj.com\/wp-content\/uploads\/2026\/03\/book-del-1-cen-1-300x193.jpg 300w, https:\/\/hanikaj.com\/wp-content\/uploads\/2026\/03\/book-del-1-cen-1-768x495.jpg 768w, https:\/\/hanikaj.com\/wp-content\/uploads\/2026\/03\/book-del-1-cen-1.jpg 1200w\" sizes=\"(max-width: 1024px) 100vw, 1024px\" \/><\/a>\r\n\t\t<\/div>\r\n\r\n\t\t\t\t\t\t\t\t\t\t\t<div class=\"grve-post-content\">\r\n\t\t\t\t\t\t\t<a href=\"https:\/\/hanikaj.com\/index.php\/2022\/06\/01\/dostawa-pierwszych-ksiazeczek\/\" rel=\"bookmark\"><h5 class=\"grve-post-title\" itemprop=\"headline\">Dostawa pierwszych ksi\u0105\u017ceczek<\/h5><\/a>\t\t\t\t\t\t\t\t\t<span class=\"grve-hidden\">\n\t\t\t<span class=\"grve-structured-data\" itemprop=\"image\" itemscope itemtype=\"http:\/\/schema.org\/ImageObject\">\n\t\t\t   <span itemprop='url' >https:\/\/hanikaj.com\/wp-content\/uploads\/2026\/03\/book-del-1-cen-1-1024x660.jpg<\/span>\n\t\t\t   <span itemprop='height' >1024<\/span>\n\t\t\t   <span itemprop='width' >660<\/span>\n\t\t\t<\/span>\n\t\t\t\t\t\t<span class=\"grve-structured-data\" itemprop=\"author\" itemscope itemtype=\"http:\/\/schema.org\/Person\">\n\t\t\t\t<span itemprop=\"name\">Hani &amp; Kaj<\/span>\n\t\t\t<\/span>\n\t\t\t<span class=\"grve-structured-data\" itemprop=\"publisher\" itemscope itemtype=\"http:\/\/schema.org\/Organization\">\n\t\t\t\t<span itemprop='name'>Hani &amp; Kaj<\/span>\n\t\t\t\t<span itemprop='logo' itemscope itemtype='http:\/\/schema.org\/ImageObject'>\n\t\t\t\t\t<span itemprop='url'>https:\/\/hanikaj.com\/wp-content\/uploads\/2026\/03\/book-del-1-cen-1-1024x660.jpg<\/span>\n\t\t\t\t<\/span>\n\t\t\t<\/span>\n\t\t\t\t\t\t<time class=\"grve-structured-data\" itemprop=\"datePublished\" datetime=\"2022-06-01T07:44:00+00:00\">1 czerwca, 2022<\/time>\n\t\t\t<time class=\"grve-structured-data\" itemprop=\"dateModified\"  datetime=\"2026-03-20T02:30:09+00:00\">20 marca, 2026<\/time>\n\t\t\t<span class=\"grve-structured-data\" itemprop=\"mainEntityOfPage\" itemscope itemtype=\"http:\/\/schema.org\/WebPage\" itemid=\"https:\/\/hanikaj.com\/index.php\/2022\/06\/01\/dostawa-pierwszych-ksiazeczek\/\"><\/span>\n\t\t<\/span>\n\t\t\t\t\t\t\t\t<div class=\"grve-post-meta\">\r\n\t\t\t\t\t\t\t\t\t<time class=\"grve-post-date\" datetime=\"2022-06-01T07:44:00+00:00\">\r\n\t\t1 czerwca, 2022\t<\/time>\r\n\t\t\t\t\t\t\t<\/div>\r\n\t\t\t\t\t\t\t<div itemprop=\"articleBody\"><p>Prace nad ni\u0105 trwa\u0142y kilka miesi\u0119cy. Ju\u017c jest! W\u0142a\u015bnie otrzymali\u015bmy pierwsz\u0105 dostaw\u0119 ksi\u0105\u017ceczek Hani i Kaj ucz\u0105 si\u0119 j\u0119zyk\u00f3w. Metod\u0105&hellip;<\/p><\/div>\t\t\t\t\t\t<\/div>\r\n\t\t\t\t\t\r\n\t\t\t\t<\/div>\t\t\t<\/article>\r\n\r\n\t\t\t<article id=\"post-739\" class=\"grve-blog-item grve-isotope-item post-739 post type-post status-publish format-image has-post-thumbnail hentry category-blog category-wydarzenia post_format-post-format-image\" itemscope itemType=\"http:\/\/schema.org\/BlogPosting\">\r\n\t\t\t\t<div class=\"grve-isotope-item-inner\">\t\t\t\t\t\t\t<div class=\"grve-media grve-image-hover\">\r\n\t\t\t<a href=\"https:\/\/hanikaj.com\/index.php\/2022\/06\/01\/wystartowalismy\/\" target=\"_self\"><img decoding=\"async\" width=\"1024\" height=\"592\" src=\"https:\/\/hanikaj.com\/wp-content\/uploads\/2022\/06\/start-1024x592.jpg\" class=\"attachment-large size-large wp-post-image\" alt=\"\" srcset=\"https:\/\/hanikaj.com\/wp-content\/uploads\/2022\/06\/start-1024x592.jpg 1024w, https:\/\/hanikaj.com\/wp-content\/uploads\/2022\/06\/start-300x173.jpg 300w, https:\/\/hanikaj.com\/wp-content\/uploads\/2022\/06\/start-768x444.jpg 768w, https:\/\/hanikaj.com\/wp-content\/uploads\/2022\/06\/start-1536x888.jpg 1536w, https:\/\/hanikaj.com\/wp-content\/uploads\/2022\/06\/start-600x347.jpg 600w, https:\/\/hanikaj.com\/wp-content\/uploads\/2022\/06\/start.jpg 1920w\" sizes=\"(max-width: 1024px) 100vw, 1024px\" \/><\/a>\r\n\t\t<\/div>\r\n\r\n\t\t\t\t\t\t\t\t\t\t\t<div class=\"grve-post-content\">\r\n\t\t\t\t\t\t\t<a href=\"https:\/\/hanikaj.com\/index.php\/2022\/06\/01\/wystartowalismy\/\" rel=\"bookmark\"><h5 class=\"grve-post-title\" itemprop=\"headline\">Wystartowali\u015bmy!<\/h5><\/a>\t\t\t\t\t\t\t\t\t<span class=\"grve-hidden\">\n\t\t\t<span class=\"grve-structured-data\" itemprop=\"image\" itemscope itemtype=\"http:\/\/schema.org\/ImageObject\">\n\t\t\t   <span itemprop='url' >https:\/\/hanikaj.com\/wp-content\/uploads\/2022\/06\/start-1024x592.jpg<\/span>\n\t\t\t   <span itemprop='height' >1024<\/span>\n\t\t\t   <span itemprop='width' >592<\/span>\n\t\t\t<\/span>\n\t\t\t\t\t\t<span class=\"grve-structured-data\" itemprop=\"author\" itemscope itemtype=\"http:\/\/schema.org\/Person\">\n\t\t\t\t<span itemprop=\"name\">Hani &amp; Kaj<\/span>\n\t\t\t<\/span>\n\t\t\t<span class=\"grve-structured-data\" itemprop=\"publisher\" itemscope itemtype=\"http:\/\/schema.org\/Organization\">\n\t\t\t\t<span itemprop='name'>Hani &amp; Kaj<\/span>\n\t\t\t\t<span itemprop='logo' itemscope itemtype='http:\/\/schema.org\/ImageObject'>\n\t\t\t\t\t<span itemprop='url'>https:\/\/hanikaj.com\/wp-content\/uploads\/2022\/06\/start-1024x592.jpg<\/span>\n\t\t\t\t<\/span>\n\t\t\t<\/span>\n\t\t\t\t\t\t<time class=\"grve-structured-data\" itemprop=\"datePublished\" datetime=\"2022-06-01T06:05:00+00:00\">1 czerwca, 2022<\/time>\n\t\t\t<time class=\"grve-structured-data\" itemprop=\"dateModified\"  datetime=\"2025-10-27T01:54:06+00:00\">27 pa\u017adziernika, 2025<\/time>\n\t\t\t<span class=\"grve-structured-data\" itemprop=\"mainEntityOfPage\" itemscope itemtype=\"http:\/\/schema.org\/WebPage\" itemid=\"https:\/\/hanikaj.com\/index.php\/2022\/06\/01\/wystartowalismy\/\"><\/span>\n\t\t<\/span>\n\t\t\t\t\t\t\t\t<div class=\"grve-post-meta\">\r\n\t\t\t\t\t\t\t\t\t<time class=\"grve-post-date\" datetime=\"2022-06-01T06:05:00+00:00\">\r\n\t\t1 czerwca, 2022\t<\/time>\r\n\t\t\t\t\t\t\t<\/div>\r\n\t\t\t\t\t\t\t<div itemprop=\"articleBody\"><p>Nasza strona jest ju\u017c gotowa! 1 czerwca 2022, Dzie\u0144 Dziecka, to dla nas data szczeg\u00f3lna. Nie tylko ze wzgl\u0119du na&hellip;<\/p><\/div>\t\t\t\t\t\t<\/div>\r\n\t\t\t\t\t\r\n\t\t\t\t<\/div>\t\t\t<\/article>\r\n\r\n\t\t\t<\/div>\r\n\t\t<\/div>\r\n[\/vc_column][\/vc_row]<\/p>\n<\/section>","protected":false},"excerpt":{"rendered":"<p>[vc_row][vc_column][\/vc_column][\/vc_row]<\/p>\n","protected":false},"author":1,"featured_media":0,"parent":0,"menu_order":0,"comment_status":"open","ping_status":"closed","template":"","meta":{"_acf_changed":false,"_monsterinsights_skip_tracking":false,"_monsterinsights_sitenote_active":false,"_monsterinsights_sitenote_note":"","_monsterinsights_sitenote_category":0,"footnotes":""},"class_list":["post-4926","page","type-page","status-publish","hentry"],"aioseo_notices":[],"acf":[],"_links":{"self":[{"href":"https:\/\/hanikaj.com\/index.php\/wp-json\/wp\/v2\/pages\/4926","targetHints":{"allow":["GET"]}}],"collection":[{"href":"https:\/\/hanikaj.com\/index.php\/wp-json\/wp\/v2\/pages"}],"about":[{"href":"https:\/\/hanikaj.com\/index.php\/wp-json\/wp\/v2\/types\/page"}],"author":[{"embeddable":true,"href":"https:\/\/hanikaj.com\/index.php\/wp-json\/wp\/v2\/users\/1"}],"replies":[{"embeddable":true,"href":"https:\/\/hanikaj.com\/index.php\/wp-json\/wp\/v2\/comments?post=4926"}],"version-history":[{"count":5,"href":"https:\/\/hanikaj.com\/index.php\/wp-json\/wp\/v2\/pages\/4926\/revisions"}],"predecessor-version":[{"id":4936,"href":"https:\/\/hanikaj.com\/index.php\/wp-json\/wp\/v2\/pages\/4926\/revisions\/4936"}],"wp:attachment":[{"href":"https:\/\/hanikaj.com\/index.php\/wp-json\/wp\/v2\/media?parent=4926"}],"curies":[{"name":"wp","href":"https:\/\/api.w.org\/{rel}","templated":true}]}}